{"id":201,"date":"2024-11-22T14:42:14","date_gmt":"2024-11-22T14:42:14","guid":{"rendered":"https:\/\/cercetare.spiruharet.ro\/?page_id=201"},"modified":"2024-12-16T10:11:28","modified_gmt":"2024-12-16T10:11:28","slug":"noutati","status":"publish","type":"page","link":"https:\/\/cercetare.spiruharet.ro\/en\/noutati\/","title":{"rendered":"NEWS"},"content":{"rendered":"<div data-elementor-type=\"wp-page\" data-elementor-id=\"201\" class=\"elementor elementor-201\" data-elementor-post-type=\"page\">\n\t\t\t\t<div class=\"elementor-element elementor-element-4d9034b e-flex e-con-boxed e-con e-parent\" data-id=\"4d9034b\" data-element_type=\"container\" data-e-type=\"container\">\n\t\t\t\t\t<div class=\"e-con-inner\">\n\t\t\t\t<div class=\"elementor-element elementor-element-0573619 elementor-widget elementor-widget-spacer\" data-id=\"0573619\" data-element_type=\"widget\" data-e-type=\"widget\" data-widget_type=\"spacer.default\">\n\t\t\t\t<div class=\"elementor-widget-container\">\n\t\t\t\t\t\t\t<div class=\"elementor-spacer\">\n\t\t\t<div class=\"elementor-spacer-inner\"><\/div>\n\t\t<\/div>\n\t\t\t\t\t\t<\/div>\n\t\t\t\t<\/div>\n\t\t\t\t\t<\/div>\n\t\t\t\t<\/div>\n\t\t<div class=\"elementor-element elementor-element-0b15959 e-flex e-con-boxed e-con e-parent\" data-id=\"0b15959\" data-element_type=\"container\" data-e-type=\"container\">\n\t\t\t\t\t<div class=\"e-con-inner\">\n\t\t\t\t\t<\/div>\n\t\t\t\t<\/div>\n\t\t<div class=\"elementor-element elementor-element-e1ba982 e-flex e-con-boxed e-con e-parent\" data-id=\"e1ba982\" data-element_type=\"container\" data-e-type=\"container\">\n\t\t\t\t\t<div class=\"e-con-inner\">\n\t\t<div class=\"elementor-element elementor-element-22a4c8c e-con-full e-flex e-con e-child\" data-id=\"22a4c8c\" data-element_type=\"container\" data-e-type=\"container\" data-settings=\"{&quot;shape_divider_top&quot;:&quot;split&quot;}\">\n\t\t\t\t<div class=\"elementor-shape elementor-shape-top\" aria-hidden=\"true\" data-negative=\"false\">\n\t\t\t<svg xmlns=\"http:\/\/www.w3.org\/2000\/svg\" viewbox=\"0 0 1000 20\" preserveaspectratio=\"none\">\n\t<path class=\"elementor-shape-fill\" d=\"M0,0v3c0,0,393.8,0,483.4,0c9.2,0,16.6,7.4,16.6,16.6c0-9.1,7.4-16.6,16.6-16.6C606.2,3,1000,3,1000,3V0H0z\"\/>\n<\/svg>\t\t<\/div>\n\t\t\t\t<div class=\"elementor-element elementor-element-21afd5f elementor-widget elementor-widget-heading\" data-id=\"21afd5f\" data-element_type=\"widget\" data-e-type=\"widget\" data-widget_type=\"heading.default\">\n\t\t\t\t<div class=\"elementor-widget-container\">\n\t\t\t\t\t<h2 class=\"elementor-heading-title elementor-size-default\">Anun\u021buri ICCS<\/h2>\t\t\t\t<\/div>\n\t\t\t\t<\/div>\n\t\t\t\t<div class=\"elementor-element elementor-element-fe6f732 elementor-widget elementor-widget-spacer\" data-id=\"fe6f732\" data-element_type=\"widget\" data-e-type=\"widget\" data-widget_type=\"spacer.default\">\n\t\t\t\t<div class=\"elementor-widget-container\">\n\t\t\t\t\t\t\t<div class=\"elementor-spacer\">\n\t\t\t<div class=\"elementor-spacer-inner\"><\/div>\n\t\t<\/div>\n\t\t\t\t\t\t<\/div>\n\t\t\t\t<\/div>\n\t\t\t\t<div class=\"elementor-element elementor-element-baef1d3 elementor-posts--align-left elementor-grid-3 elementor-grid-tablet-2 elementor-grid-mobile-1 elementor-posts--thumbnail-top elementor-widget elementor-widget-posts\" data-id=\"baef1d3\" data-element_type=\"widget\" data-e-type=\"widget\" data-settings=\"{&quot;classic_row_gap&quot;:{&quot;unit&quot;:&quot;px&quot;,&quot;size&quot;:30,&quot;sizes&quot;:[]},&quot;pagination_type&quot;:&quot;prev_next&quot;,&quot;classic_columns&quot;:&quot;3&quot;,&quot;classic_columns_tablet&quot;:&quot;2&quot;,&quot;classic_columns_mobile&quot;:&quot;1&quot;,&quot;classic_row_gap_tablet&quot;:{&quot;unit&quot;:&quot;px&quot;,&quot;size&quot;:&quot;&quot;,&quot;sizes&quot;:[]},&quot;classic_row_gap_mobile&quot;:{&quot;unit&quot;:&quot;px&quot;,&quot;size&quot;:&quot;&quot;,&quot;sizes&quot;:[]}}\" data-widget_type=\"posts.classic\">\n\t\t\t\t<div class=\"elementor-widget-container\">\n\t\t\t\t\t\t\t<div class=\"elementor-posts-container elementor-posts elementor-posts--skin-classic elementor-grid\" role=\"list\">\n\t\t\t\t<article class=\"elementor-post elementor-grid-item post-1987 post type-post status-publish format-standard has-post-thumbnail hentry category-noutati\" role=\"listitem\">\n\t\t\t\t<a class=\"elementor-post__thumbnail__link\" href=\"https:\/\/cercetare.spiruharet.ro\/en\/2026\/02\/18\/plan-privind-egalitatea-de-gen-in-universitatea-spiru-haret\/\" tabindex=\"-1\" target=\"&quot;_blank&quot;\">\n\t\t\t<div class=\"elementor-post__thumbnail\"><img fetchpriority=\"high\" decoding=\"async\" width=\"880\" height=\"283\" src=\"https:\/\/cercetare.spiruharet.ro\/wp-content\/uploads\/2026\/02\/GEP2025.jpg\" class=\"attachment-full size-full wp-image-1997\" alt=\"\" srcset=\"https:\/\/cercetare.spiruharet.ro\/wp-content\/uploads\/2026\/02\/GEP2025.jpg 880w, https:\/\/cercetare.spiruharet.ro\/wp-content\/uploads\/2026\/02\/GEP2025-480x154.jpg 480w\" sizes=\"(min-width: 0px) and (max-width: 480px) 480px, (min-width: 481px) 880px, 100vw\" \/><\/div>\n\t\t<\/a>\n\t\t\t\t<div class=\"elementor-post__text\">\n\t\t\t\t<h3 class=\"elementor-post__title\">\n\t\t\t<a href=\"https:\/\/cercetare.spiruharet.ro\/en\/2026\/02\/18\/plan-privind-egalitatea-de-gen-in-universitatea-spiru-haret\/\" target=\"&quot;_blank&quot;\">\n\t\t\t\tPlanul \u0219i strategia privind egalitatea de gen \u00een Universitatea Spiru Haret\t\t\t<\/a>\n\t\t<\/h3>\n\t\t\t\t<div class=\"elementor-post__excerpt\">\n\t\t\t<p>Universitatea Spiru Haret a adoptat Planul privind egalitatea de gen\/Gender Equality Plan. Planul \u0219i Strategia pentru egalitatea de gen (EG) pentru perioada 2025-2028 a fost<\/p>\n\t\t<\/div>\n\t\t\t\t\t<div class=\"elementor-post__read-more-wrapper\">\n\t\t\n\t\t<a class=\"elementor-post__read-more\" href=\"https:\/\/cercetare.spiruharet.ro\/en\/2026\/02\/18\/plan-privind-egalitatea-de-gen-in-universitatea-spiru-haret\/\" aria-label=\"Read more about Planul \u0219i strategia privind egalitatea de gen \u00een Universitatea Spiru Haret\" tabindex=\"-1\" target=\"_blank\">\n\t\t\tCite\u0219te mai mult \u00bb\t\t<\/a>\n\n\t\t\t\t\t<\/div>\n\t\t\t\t<\/div>\n\t\t\t\t<\/article>\n\t\t\t\t<article class=\"elementor-post elementor-grid-item post-1970 post type-post status-publish format-standard has-post-thumbnail hentry category-noutati\" role=\"listitem\">\n\t\t\t\t<a class=\"elementor-post__thumbnail__link\" href=\"https:\/\/cercetare.spiruharet.ro\/en\/2025\/11\/27\/conferinta-nationala-cu-participare-internationala-repere-privind-victimologia-victimizarea-si-victimele-in-din-romania\/\" tabindex=\"-1\" target=\"&quot;_blank&quot;\">\n\t\t\t<div class=\"elementor-post__thumbnail\"><img decoding=\"async\" width=\"1807\" height=\"873\" src=\"https:\/\/cercetare.spiruharet.ro\/wp-content\/uploads\/2025\/11\/CONFERINTA-SRV.jpg\" class=\"attachment-full size-full wp-image-1972\" alt=\"\" srcset=\"https:\/\/cercetare.spiruharet.ro\/wp-content\/uploads\/2025\/11\/CONFERINTA-SRV.jpg 1807w, https:\/\/cercetare.spiruharet.ro\/wp-content\/uploads\/2025\/11\/CONFERINTA-SRV-1280x618.jpg 1280w, https:\/\/cercetare.spiruharet.ro\/wp-content\/uploads\/2025\/11\/CONFERINTA-SRV-980x473.jpg 980w, https:\/\/cercetare.spiruharet.ro\/wp-content\/uploads\/2025\/11\/CONFERINTA-SRV-480x232.jpg 480w\" sizes=\"(min-width: 0px) and (max-width: 480px) 480px, (min-width: 481px) and (max-width: 980px) 980px, (min-width: 981px) and (max-width: 1280px) 1280px, (min-width: 1281px) 1807px, 100vw\" \/><\/div>\n\t\t<\/a>\n\t\t\t\t<div class=\"elementor-post__text\">\n\t\t\t\t<h3 class=\"elementor-post__title\">\n\t\t\t<a href=\"https:\/\/cercetare.spiruharet.ro\/en\/2025\/11\/27\/conferinta-nationala-cu-participare-internationala-repere-privind-victimologia-victimizarea-si-victimele-in-din-romania\/\" target=\"&quot;_blank&quot;\">\n\t\t\t\tConferin\u021ba na\u021bional\u0103 cu participare interna\u021bional\u0103            REPERE PRIVIND VICTIMOLOGIA, VICTIMIZAREA \u0218I VICTIMELE \u00ceN\/DIN ROM\u00c2NIA\t\t\t<\/a>\n\t\t<\/h3>\n\t\t\t\t<div class=\"elementor-post__excerpt\">\n\t\t\t<p>Societatea Rom\u00e2n\u0103 de Victimologie \u00een parteneriat cu Universitatea Spiru Haret organizeaz\u0103 \u00een perioada 28-29 Noiembrie 2025 Conferin\u021ba na\u021bional\u0103 cu participare interna\u021bional\u0103 edi\u021bia a VI-a REPERE<\/p>\n\t\t<\/div>\n\t\t\t\t\t<div class=\"elementor-post__read-more-wrapper\">\n\t\t\n\t\t<a class=\"elementor-post__read-more\" href=\"https:\/\/cercetare.spiruharet.ro\/en\/2025\/11\/27\/conferinta-nationala-cu-participare-internationala-repere-privind-victimologia-victimizarea-si-victimele-in-din-romania\/\" aria-label=\"Read more about Conferin\u021ba na\u021bional\u0103 cu participare interna\u021bional\u0103            REPERE PRIVIND VICTIMOLOGIA, VICTIMIZAREA \u0218I VICTIMELE \u00ceN\/DIN ROM\u00c2NIA\" tabindex=\"-1\" target=\"_blank\">\n\t\t\tCite\u0219te mai mult \u00bb\t\t<\/a>\n\n\t\t\t\t\t<\/div>\n\t\t\t\t<\/div>\n\t\t\t\t<\/article>\n\t\t\t\t<article class=\"elementor-post elementor-grid-item post-1966 post type-post status-publish format-standard has-post-thumbnail hentry category-noutati\" role=\"listitem\">\n\t\t\t\t<a class=\"elementor-post__thumbnail__link\" href=\"https:\/\/cercetare.spiruharet.ro\/en\/2025\/11\/20\/webinar-openaire-gotriple\/\" tabindex=\"-1\" target=\"&quot;_blank&quot;\">\n\t\t\t<div class=\"elementor-post__thumbnail\"><img decoding=\"async\" width=\"336\" height=\"219\" src=\"https:\/\/cercetare.spiruharet.ro\/wp-content\/uploads\/2025\/11\/GRASSOPS2.jpg\" class=\"attachment-full size-full wp-image-1969\" alt=\"\" srcset=\"https:\/\/cercetare.spiruharet.ro\/wp-content\/uploads\/2025\/11\/GRASSOPS2.jpg 336w, https:\/\/cercetare.spiruharet.ro\/wp-content\/uploads\/2025\/11\/GRASSOPS2-300x196.jpg 300w, https:\/\/cercetare.spiruharet.ro\/wp-content\/uploads\/2025\/11\/GRASSOPS2-18x12.jpg 18w\" sizes=\"(max-width: 336px) 100vw, 336px\" \/><\/div>\n\t\t<\/a>\n\t\t\t\t<div class=\"elementor-post__text\">\n\t\t\t\t<h3 class=\"elementor-post__title\">\n\t\t\t<a href=\"https:\/\/cercetare.spiruharet.ro\/en\/2025\/11\/20\/webinar-openaire-gotriple\/\" target=\"&quot;_blank&quot;\">\n\t\t\t\tWebinar  OpenAIRE &#8211; GoTriple\t\t\t<\/a>\n\t\t<\/h3>\n\t\t\t\t<div class=\"elementor-post__excerpt\">\n\t\t\t<p>Platforma GoTriple, parte din OPERAS Services Catalogue, ofer\u0103 un spa\u021biu avansat de descoperire pentru cercet\u0103rile din domeniul \u0218tiin\u021belor Sociale \u0219i Umaniste (SSH), reunind milioane de<\/p>\n\t\t<\/div>\n\t\t\t\t\t<div class=\"elementor-post__read-more-wrapper\">\n\t\t\n\t\t<a class=\"elementor-post__read-more\" href=\"https:\/\/cercetare.spiruharet.ro\/en\/2025\/11\/20\/webinar-openaire-gotriple\/\" aria-label=\"Read more about Webinar  OpenAIRE &#8211; GoTriple\" tabindex=\"-1\" target=\"_blank\">\n\t\t\tCite\u0219te mai mult \u00bb\t\t<\/a>\n\n\t\t\t\t\t<\/div>\n\t\t\t\t<\/div>\n\t\t\t\t<\/article>\n\t\t\t\t<article class=\"elementor-post elementor-grid-item post-1961 post type-post status-publish format-standard has-post-thumbnail hentry category-noutati\" role=\"listitem\">\n\t\t\t\t<a class=\"elementor-post__thumbnail__link\" href=\"https:\/\/cercetare.spiruharet.ro\/en\/2025\/11\/20\/conferinta-internationala-de-stiinte-economice-si-administrarea-afacerilor-icesba\/\" tabindex=\"-1\" target=\"&quot;_blank&quot;\">\n\t\t\t<div class=\"elementor-post__thumbnail\"><img loading=\"lazy\" decoding=\"async\" width=\"480\" height=\"332\" src=\"https:\/\/cercetare.spiruharet.ro\/wp-content\/uploads\/2025\/11\/ICESBA.jpg\" class=\"attachment-full size-full wp-image-1964\" alt=\"\" srcset=\"https:\/\/cercetare.spiruharet.ro\/wp-content\/uploads\/2025\/11\/ICESBA.jpg 480w, https:\/\/cercetare.spiruharet.ro\/wp-content\/uploads\/2025\/11\/ICESBA-300x208.jpg 300w, https:\/\/cercetare.spiruharet.ro\/wp-content\/uploads\/2025\/11\/ICESBA-18x12.jpg 18w\" sizes=\"(max-width: 480px) 100vw, 480px\" \/><\/div>\n\t\t<\/a>\n\t\t\t\t<div class=\"elementor-post__text\">\n\t\t\t\t<h3 class=\"elementor-post__title\">\n\t\t\t<a href=\"https:\/\/cercetare.spiruharet.ro\/en\/2025\/11\/20\/conferinta-internationala-de-stiinte-economice-si-administrarea-afacerilor-icesba\/\" target=\"&quot;_blank&quot;\">\n\t\t\t\tConferin\u021ba Interna\u021bional\u0103 de \u0218tiin\u021be Economice \u0219i Administrarea Afacerilor (ICESBA)\t\t\t<\/a>\n\t\t<\/h3>\n\t\t\t\t<div class=\"elementor-post__excerpt\">\n\t\t\t<p>Facultatea de \u015etiin\u0163e Economice Bucure\u015fti \u015fi Institutul Central de Cercetare \u015etiin\u0163ific\u0103 al Universit\u0103\u0163ii Spiru Haret v\u0103 invit\u0103 s\u0103 participa\u0163i \u00een perioada 26-27 noiembrie 2025, online,<\/p>\n\t\t<\/div>\n\t\t\t\t\t<div class=\"elementor-post__read-more-wrapper\">\n\t\t\n\t\t<a class=\"elementor-post__read-more\" href=\"https:\/\/cercetare.spiruharet.ro\/en\/2025\/11\/20\/conferinta-internationala-de-stiinte-economice-si-administrarea-afacerilor-icesba\/\" aria-label=\"Read more about Conferin\u021ba Interna\u021bional\u0103 de \u0218tiin\u021be Economice \u0219i Administrarea Afacerilor (ICESBA)\" tabindex=\"-1\" target=\"_blank\">\n\t\t\tCite\u0219te mai mult \u00bb\t\t<\/a>\n\n\t\t\t\t\t<\/div>\n\t\t\t\t<\/div>\n\t\t\t\t<\/article>\n\t\t\t\t<article class=\"elementor-post elementor-grid-item post-1958 post type-post status-publish format-standard has-post-thumbnail hentry category-noutati\" role=\"listitem\">\n\t\t\t\t<a class=\"elementor-post__thumbnail__link\" href=\"https:\/\/cercetare.spiruharet.ro\/en\/2025\/11\/20\/conferinta-e-governance-and-e-justice-in-the-space-of-freedom-security-and-justice-of-the-european-union\/\" tabindex=\"-1\" target=\"&quot;_blank&quot;\">\n\t\t\t<div class=\"elementor-post__thumbnail\"><img loading=\"lazy\" decoding=\"async\" width=\"689\" height=\"812\" src=\"https:\/\/cercetare.spiruharet.ro\/wp-content\/uploads\/2025\/11\/Afis.jpg\" class=\"attachment-full size-full wp-image-1959\" alt=\"\" srcset=\"https:\/\/cercetare.spiruharet.ro\/wp-content\/uploads\/2025\/11\/Afis.jpg 689w, https:\/\/cercetare.spiruharet.ro\/wp-content\/uploads\/2025\/11\/Afis-480x566.jpg 480w\" sizes=\"(min-width: 0px) and (max-width: 480px) 480px, (min-width: 481px) 689px, 100vw\" \/><\/div>\n\t\t<\/a>\n\t\t\t\t<div class=\"elementor-post__text\">\n\t\t\t\t<h3 class=\"elementor-post__title\">\n\t\t\t<a href=\"https:\/\/cercetare.spiruharet.ro\/en\/2025\/11\/20\/conferinta-e-governance-and-e-justice-in-the-space-of-freedom-security-and-justice-of-the-european-union\/\" target=\"&quot;_blank&quot;\">\n\t\t\t\tConferin\u021ba E-Governance and E-Justice in the Space of Freedom, Security and Justice of the European Union\t\t\t<\/a>\n\t\t<\/h3>\n\t\t\t\t<div class=\"elementor-post__excerpt\">\n\t\t\t<p>Facultatea de \u0218tiin\u021be Juridice \u0219i \u0218tiin\u021be Administrative, Universitatea Spiru Haret organizeaz\u0103 joi, 20 noiembrie 2025, \u00eentre orele 10.00-16.00, Conferin\u021ba Conferin\u021ba E-Governance and E-Justice in the<\/p>\n\t\t<\/div>\n\t\t\t\t\t<div class=\"elementor-post__read-more-wrapper\">\n\t\t\n\t\t<a class=\"elementor-post__read-more\" href=\"https:\/\/cercetare.spiruharet.ro\/en\/2025\/11\/20\/conferinta-e-governance-and-e-justice-in-the-space-of-freedom-security-and-justice-of-the-european-union\/\" aria-label=\"Read more about Conferin\u021ba E-Governance and E-Justice in the Space of Freedom, Security and Justice of the European Union\" tabindex=\"-1\" target=\"_blank\">\n\t\t\tCite\u0219te mai mult \u00bb\t\t<\/a>\n\n\t\t\t\t\t<\/div>\n\t\t\t\t<\/div>\n\t\t\t\t<\/article>\n\t\t\t\t<article class=\"elementor-post elementor-grid-item post-1949 post type-post status-publish format-standard has-post-thumbnail hentry category-noutati\" role=\"listitem\">\n\t\t\t\t<a class=\"elementor-post__thumbnail__link\" href=\"https:\/\/cercetare.spiruharet.ro\/en\/2025\/10\/09\/concurs-pentru-studenti-comunicare-eficienta-in-managementul-clinicii-veterinare\/\" tabindex=\"-1\" target=\"&quot;_blank&quot;\">\n\t\t\t<div class=\"elementor-post__thumbnail\"><img loading=\"lazy\" decoding=\"async\" width=\"1440\" height=\"1440\" src=\"https:\/\/cercetare.spiruharet.ro\/wp-content\/uploads\/2025\/10\/641644052_n.jpg\" class=\"attachment-full size-full wp-image-1951\" alt=\"\" srcset=\"https:\/\/cercetare.spiruharet.ro\/wp-content\/uploads\/2025\/10\/641644052_n.jpg 1440w, https:\/\/cercetare.spiruharet.ro\/wp-content\/uploads\/2025\/10\/641644052_n-1280x1280.jpg 1280w, https:\/\/cercetare.spiruharet.ro\/wp-content\/uploads\/2025\/10\/641644052_n-980x980.jpg 980w, https:\/\/cercetare.spiruharet.ro\/wp-content\/uploads\/2025\/10\/641644052_n-480x480.jpg 480w\" sizes=\"(min-width: 0px) and (max-width: 480px) 480px, (min-width: 481px) and (max-width: 980px) 980px, (min-width: 981px) and (max-width: 1280px) 1280px, (min-width: 1281px) 1440px, 100vw\" \/><\/div>\n\t\t<\/a>\n\t\t\t\t<div class=\"elementor-post__text\">\n\t\t\t\t<h3 class=\"elementor-post__title\">\n\t\t\t<a href=\"https:\/\/cercetare.spiruharet.ro\/en\/2025\/10\/09\/concurs-pentru-studenti-comunicare-eficienta-in-managementul-clinicii-veterinare\/\" target=\"&quot;_blank&quot;\">\n\t\t\t\tConcurs pentru studen\u021bi \u2013 Comunicare eficient\u0103 \u00een managementul clinicii veterinare\t\t\t<\/a>\n\t\t<\/h3>\n\t\t\t\t<div class=\"elementor-post__excerpt\">\n\t\t\t<p>Pe 1 octombrie 2025, Facultatea de Medicin\u0103 Veterinar\u0103 a Universit\u0103\u021bii Spiru Haret a lansat unconcurs de cercetare destinat studen\u021bilor, care pune accent pe dezvoltarea abilit\u0103\u021bilor<\/p>\n\t\t<\/div>\n\t\t\t\t\t<div class=\"elementor-post__read-more-wrapper\">\n\t\t\n\t\t<a class=\"elementor-post__read-more\" href=\"https:\/\/cercetare.spiruharet.ro\/en\/2025\/10\/09\/concurs-pentru-studenti-comunicare-eficienta-in-managementul-clinicii-veterinare\/\" aria-label=\"Read more about Concurs pentru studen\u021bi \u2013 Comunicare eficient\u0103 \u00een managementul clinicii veterinare\" tabindex=\"-1\" target=\"_blank\">\n\t\t\tCite\u0219te mai mult \u00bb\t\t<\/a>\n\n\t\t\t\t\t<\/div>\n\t\t\t\t<\/div>\n\t\t\t\t<\/article>\n\t\t\t\t<\/div>\n\t\t\n\t\t\t\t<div class=\"e-load-more-anchor\" data-page=\"1\" data-max-page=\"5\" data-next-page=\"https:\/\/cercetare.spiruharet.ro\/en\/wp-json\/wp\/v2\/pages\/201\/page\/2\/\"><\/div>\n\t\t\t\t<nav class=\"elementor-pagination\" aria-label=\"Pagination\">\n\t\t\t<span class=\"page-numbers prev\">&laquo; Previous<\/span>\n<a class=\"page-numbers next\" href=\"https:\/\/cercetare.spiruharet.ro\/en\/wp-json\/wp\/v2\/pages\/201\/page\/2\/\">Next &raquo;<\/a>\t\t<\/nav>\n\t\t\t\t\t\t<\/div>\n\t\t\t\t<\/div>\n\t\t\t\t<\/div>\n\t\t<div class=\"elementor-element elementor-element-a2c8ccc e-con-full e-flex e-con e-child\" data-id=\"a2c8ccc\" data-element_type=\"container\" data-e-type=\"container\">\n\t\t\t\t<div class=\"elementor-element elementor-element-63685f2 elementor-widget elementor-widget-heading\" data-id=\"63685f2\" data-element_type=\"widget\" data-e-type=\"widget\" data-widget_type=\"heading.default\">\n\t\t\t\t<div class=\"elementor-widget-container\">\n\t\t\t\t\t<h2 class=\"elementor-heading-title elementor-size-default\">Facebook<\/h2>\t\t\t\t<\/div>\n\t\t\t\t<\/div>\n\t\t\t\t<div class=\"elementor-element elementor-element-b081803 elementor-widget elementor-widget-spacer\" data-id=\"b081803\" data-element_type=\"widget\" data-e-type=\"widget\" data-widget_type=\"spacer.default\">\n\t\t\t\t<div class=\"elementor-widget-container\">\n\t\t\t\t\t\t\t<div class=\"elementor-spacer\">\n\t\t\t<div class=\"elementor-spacer-inner\"><\/div>\n\t\t<\/div>\n\t\t\t\t\t\t<\/div>\n\t\t\t\t<\/div>\n\t\t\t\t<div class=\"elementor-element elementor-element-fe693d4 elementor-widget elementor-widget-html\" data-id=\"fe693d4\" data-element_type=\"widget\" data-e-type=\"widget\" data-widget_type=\"html.default\">\n\t\t\t\t<div class=\"elementor-widget-container\">\n\t\t\t\t\t<script src=\"https:\/\/static.elfsight.com\/platform\/platform.js\" async><\/script>\r\n<div class=\"elfsight-app-0cbf837c-4027-493c-900a-ca3b194d8d4b\" data-elfsight-app-lazy><\/div>\t\t\t\t<\/div>\n\t\t\t\t<\/div>\n\t\t\t\t<\/div>\n\t\t\t\t\t<\/div>\n\t\t\t\t<\/div>\n\t\t\t\t<\/div>","protected":false},"excerpt":{"rendered":"<p>Anun\u021buri ICCS Facebook<\/p>","protected":false},"author":2,"featured_media":0,"parent":0,"menu_order":0,"comment_status":"closed","ping_status":"closed","template":"elementor_header_footer","meta":{"_et_pb_use_builder":"","_et_pb_old_content":"","_et_gb_content_width":"","_angie_page":false,"footnotes":""},"class_list":["post-201","page","type-page","status-publish","hentry"],"_links":{"self":[{"href":"https:\/\/cercetare.spiruharet.ro\/en\/wp-json\/wp\/v2\/pages\/201","targetHints":{"allow":["GET"]}}],"collection":[{"href":"https:\/\/cercetare.spiruharet.ro\/en\/wp-json\/wp\/v2\/pages"}],"about":[{"href":"https:\/\/cercetare.spiruharet.ro\/en\/wp-json\/wp\/v2\/types\/page"}],"author":[{"embeddable":true,"href":"https:\/\/cercetare.spiruharet.ro\/en\/wp-json\/wp\/v2\/users\/2"}],"replies":[{"embeddable":true,"href":"https:\/\/cercetare.spiruharet.ro\/en\/wp-json\/wp\/v2\/comments?post=201"}],"version-history":[{"count":94,"href":"https:\/\/cercetare.spiruharet.ro\/en\/wp-json\/wp\/v2\/pages\/201\/revisions"}],"predecessor-version":[{"id":1599,"href":"https:\/\/cercetare.spiruharet.ro\/en\/wp-json\/wp\/v2\/pages\/201\/revisions\/1599"}],"wp:attachment":[{"href":"https:\/\/cercetare.spiruharet.ro\/en\/wp-json\/wp\/v2\/media?parent=201"}],"curies":[{"name":"wp","href":"https:\/\/api.w.org\/{rel}","templated":true}]}}